{"id":277,"date":"2025-02-13T12:21:35","date_gmt":"2025-02-13T11:21:35","guid":{"rendered":"https:\/\/ecobloom.es\/?post_type=product&#038;p=277"},"modified":"2025-05-09T12:34:33","modified_gmt":"2025-05-09T10:34:33","slug":"lote-surtido","status":"publish","type":"product","link":"https:\/\/ecobloom.es\/?product=lote-surtido","title":{"rendered":"Lote surtido"},"content":{"rendered":"<p>Nuestro Lote Surtido incluye:<\/p>\n<p>ECOBLOOMDON FRESH PVP:<br \/>\nDesodorizante enzim\u00e1tico neutralizador de olores formulado con microorganismos naturales.<\/p>\n<p>ECOBLOOM LIMPIA TAPICER\u00cdAS:<br \/>\nDetergente l\u00edquido de tapicer\u00edas indicado para la limpieza de alfombras, moquetas y tejidos en general, desarrollando una actividad antiest\u00e1tica.<\/p>\n<p>ECOBLOOM TEC VIR:<br \/>\nDesinfectante multiusos de amplio espectro\/listo al uso. Elimina 99.9% de g\u00e9rmenes y virus encapsulados. Autorizado tanto para uso por personal profesional como para uso por el p\u00fablico en general. Desinfecci\u00f3n de contacto: superficies.<\/p>\n<p>ECOBLOOM G-OXI:<br \/>\nLimpiador desincrustante \u00e1cido SIN ESPUMA, altamente concentrado formulado con \u00e1cidos inorg\u00e1nicos y humectantes, espec\u00edfico para la eliminaci\u00f3n de la piedra de leche.<br \/>\nPara ello es necesario un tratamiento peri\u00f3dico mediante la circulaci\u00f3n de una soluci\u00f3n desincrustante \u00e1cida. GOXI D solubiliza los minerales de la piedra de leche y los dispersa en la soluci\u00f3n de lavado haciendo f\u00e1cil su eliminaci\u00f3n.<\/p>\n<p>ECOBLOOM FLOORMATCH LIMP DE SUELOS (Tratamiento de Suelos):<br \/>\nF\u00f3rmula concentrada para reavivar suelos que han perdido el brillo natural. Para mantenimiento continuado y lograr una superficie con lustre.<\/p>\n<p>ECOBLOOM DESENGRASANTE GALC-7 \u201cSUP-GRASS\u201d:<br \/>\nProducto desengrasante alcalino general. Desengrasante en\u00e9rgico especialmente indicado para la limpieza de suelos y superficies muy sucias en hosteler\u00eda, automoci\u00f3n, talleres, sector de artes gr\u00e1ficas, etc. Eficaz en la limpieza de campanas extractoras, planchas, m\u00e1quinas, cubos de basura. Elimina manchas de aceite y grasas en suelos de talleres.<\/p>\n","protected":false},"excerpt":{"rendered":"<p>Nuestro Lote Suelos Pro incluye:<\/p>\n<p>ECOBLOOM LIMPIA TAPICER\u00cdAS<br \/>\nECOBLOOM TEC VIR<br \/>\nECOBLOOM G-OXI<br \/>\nECOBLOOM FLOORMATCH LIMP DE SUELOS (Tratamiento de Suelos)<br \/>\nECOBLOOM DESENGRASANTE GALC-7 \u201cSUP-GRASS\u201d<\/p>\n","protected":false},"featured_media":278,"comment_status":"open","ping_status":"closed","template":"","meta":{"_et_pb_use_builder":"","_et_pb_old_content":"","_et_gb_content_width":"","_themeisle_gutenberg_block_has_review":false},"product_brand":[],"product_cat":[23],"product_tag":[25,51,27],"class_list":{"0":"post-277","1":"product","2":"type-product","3":"status-publish","4":"has-post-thumbnail","6":"product_cat-lotes","7":"product_tag-hogar","8":"product_tag-malos-olores","9":"product_tag-pavimentos","11":"first","12":"instock","13":"shipping-taxable","14":"purchasable","15":"product-type-simple"},"yoast_head":"<!-- This site is optimized with the Yoast SEO plugin v27.4 - https:\/\/yoast.com\/product\/yoast-seo-wordpress\/ -->\n<title>Lote Surtido para tu Hogar | Ecobloom |<\/title>\n<meta name=\"description\" content=\"Pack de productos ecol\u00f3gicos para la limpieza del hogar. Eficacia y sostenibilidad en cada aplicaci\u00f3n, lo mejor para tu casa, Ecobloom.\" \/>\n<meta name=\"robots\" content=\"index, follow, max-snippet:-1, max-image-preview:large, max-video-preview:-1\" \/>\n<link rel=\"canonical\" href=\"https:\/\/ecobloom.es\/producto\/lote-surtido\/\" \/>\n<meta property=\"og:locale\" content=\"es_ES\" \/>\n<meta property=\"og:type\" content=\"article\" \/>\n<meta property=\"og:title\" content=\"Lote Surtido para tu Hogar | Ecobloom |\" \/>\n<meta property=\"og:description\" content=\"Pack de productos ecol\u00f3gicos para la limpieza del hogar. Eficacia y sostenibilidad en cada aplicaci\u00f3n, lo mejor para tu casa, Ecobloom.\" \/>\n<meta property=\"og:url\" content=\"https:\/\/ecobloom.es\/producto\/lote-surtido\/\" \/>\n<meta property=\"og:site_name\" content=\"EcoBloom\" \/>\n<meta property=\"article:modified_time\" content=\"2025-05-09T10:34:33+00:00\" \/>\n<meta property=\"og:image\" content=\"https:\/\/ecobloom.es\/wp-content\/uploads\/2025\/02\/LOTE-surtido-ecobloom-6.jpg\" \/>\n\t<meta property=\"og:image:width\" content=\"1200\" \/>\n\t<meta property=\"og:image:height\" content=\"1200\" \/>\n\t<meta property=\"og:image:type\" content=\"image\/jpeg\" \/>\n<meta name=\"twitter:card\" content=\"summary_large_image\" \/>\n<meta name=\"twitter:label1\" content=\"Tiempo de lectura\" \/>\n\t<meta name=\"twitter:data1\" content=\"2 minutos\" \/>\n<script type=\"application\/ld+json\" class=\"yoast-schema-graph\">{\"@context\":\"https:\\\/\\\/schema.org\",\"@graph\":[{\"@type\":\"WebPage\",\"@id\":\"https:\\\/\\\/ecobloom.es\\\/producto\\\/lote-surtido\\\/\",\"url\":\"https:\\\/\\\/ecobloom.es\\\/producto\\\/lote-surtido\\\/\",\"name\":\"Lote Surtido para tu Hogar | Ecobloom |\",\"isPartOf\":{\"@id\":\"https:\\\/\\\/ecobloom.es\\\/#website\"},\"primaryImageOfPage\":{\"@id\":\"https:\\\/\\\/ecobloom.es\\\/producto\\\/lote-surtido\\\/#primaryimage\"},\"image\":{\"@id\":\"https:\\\/\\\/ecobloom.es\\\/producto\\\/lote-surtido\\\/#primaryimage\"},\"thumbnailUrl\":\"https:\\\/\\\/ecobloom.es\\\/wp-content\\\/uploads\\\/2025\\\/02\\\/LOTE-surtido-ecobloom-6.jpg\",\"datePublished\":\"2025-02-13T11:21:35+00:00\",\"dateModified\":\"2025-05-09T10:34:33+00:00\",\"description\":\"Pack de productos ecol\u00f3gicos para la limpieza del hogar. Eficacia y sostenibilidad en cada aplicaci\u00f3n, lo mejor para tu casa, Ecobloom.\",\"breadcrumb\":{\"@id\":\"https:\\\/\\\/ecobloom.es\\\/producto\\\/lote-surtido\\\/#breadcrumb\"},\"inLanguage\":\"es\",\"potentialAction\":[{\"@type\":\"ReadAction\",\"target\":[\"https:\\\/\\\/ecobloom.es\\\/producto\\\/lote-surtido\\\/\"]}]},{\"@type\":\"ImageObject\",\"inLanguage\":\"es\",\"@id\":\"https:\\\/\\\/ecobloom.es\\\/producto\\\/lote-surtido\\\/#primaryimage\",\"url\":\"https:\\\/\\\/ecobloom.es\\\/wp-content\\\/uploads\\\/2025\\\/02\\\/LOTE-surtido-ecobloom-6.jpg\",\"contentUrl\":\"https:\\\/\\\/ecobloom.es\\\/wp-content\\\/uploads\\\/2025\\\/02\\\/LOTE-surtido-ecobloom-6.jpg\",\"width\":1200,\"height\":1200},{\"@type\":\"BreadcrumbList\",\"@id\":\"https:\\\/\\\/ecobloom.es\\\/producto\\\/lote-surtido\\\/#breadcrumb\",\"itemListElement\":[{\"@type\":\"ListItem\",\"position\":1,\"name\":\"Portada\",\"item\":\"https:\\\/\\\/ecobloom.es\\\/\"},{\"@type\":\"ListItem\",\"position\":2,\"name\":\"Productos\",\"item\":\"https:\\\/\\\/ecobloom.es\\\/?post_type=product\"},{\"@type\":\"ListItem\",\"position\":3,\"name\":\"Lote surtido\"}]},{\"@type\":\"WebSite\",\"@id\":\"https:\\\/\\\/ecobloom.es\\\/#website\",\"url\":\"https:\\\/\\\/ecobloom.es\\\/\",\"name\":\"EcoBloom\",\"description\":\"Con nuestras soluciones de limpieza, mant\u00e9n tu hogar limpio y seguro mientras cuidas el medioambiente.\",\"publisher\":{\"@id\":\"https:\\\/\\\/ecobloom.es\\\/#organization\"},\"alternateName\":\"Ecobloom\",\"potentialAction\":[{\"@type\":\"SearchAction\",\"target\":{\"@type\":\"EntryPoint\",\"urlTemplate\":\"https:\\\/\\\/ecobloom.es\\\/?s={search_term_string}\"},\"query-input\":{\"@type\":\"PropertyValueSpecification\",\"valueRequired\":true,\"valueName\":\"search_term_string\"}}],\"inLanguage\":\"es\"},{\"@type\":\"Organization\",\"@id\":\"https:\\\/\\\/ecobloom.es\\\/#organization\",\"name\":\"Ecobloom\",\"alternateName\":\"Ecobloom\",\"url\":\"https:\\\/\\\/ecobloom.es\\\/\",\"logo\":{\"@type\":\"ImageObject\",\"inLanguage\":\"es\",\"@id\":\"https:\\\/\\\/ecobloom.es\\\/#\\\/schema\\\/logo\\\/image\\\/\",\"url\":\"https:\\\/\\\/ecobloom.es\\\/wp-content\\\/uploads\\\/2024\\\/08\\\/cropped-LOGO-ECOBLOOM-favicom.jpg\",\"contentUrl\":\"https:\\\/\\\/ecobloom.es\\\/wp-content\\\/uploads\\\/2024\\\/08\\\/cropped-LOGO-ECOBLOOM-favicom.jpg\",\"width\":512,\"height\":512,\"caption\":\"Ecobloom\"},\"image\":{\"@id\":\"https:\\\/\\\/ecobloom.es\\\/#\\\/schema\\\/logo\\\/image\\\/\"}}]}<\/script>\n<!-- \/ Yoast SEO plugin. -->","yoast_head_json":{"title":"Lote Surtido para tu Hogar | Ecobloom |","description":"Pack de productos ecol\u00f3gicos para la limpieza del hogar. Eficacia y sostenibilidad en cada aplicaci\u00f3n, lo mejor para tu casa, Ecobloom.","robots":{"index":"index","follow":"follow","max-snippet":"max-snippet:-1","max-image-preview":"max-image-preview:large","max-video-preview":"max-video-preview:-1"},"canonical":"https:\/\/ecobloom.es\/producto\/lote-surtido\/","og_locale":"es_ES","og_type":"article","og_title":"Lote Surtido para tu Hogar | Ecobloom |","og_description":"Pack de productos ecol\u00f3gicos para la limpieza del hogar. Eficacia y sostenibilidad en cada aplicaci\u00f3n, lo mejor para tu casa, Ecobloom.","og_url":"https:\/\/ecobloom.es\/producto\/lote-surtido\/","og_site_name":"EcoBloom","article_modified_time":"2025-05-09T10:34:33+00:00","og_image":[{"width":1200,"height":1200,"url":"https:\/\/ecobloom.es\/wp-content\/uploads\/2025\/02\/LOTE-surtido-ecobloom-6.jpg","type":"image\/jpeg"}],"twitter_card":"summary_large_image","twitter_misc":{"Tiempo de lectura":"2 minutos"},"schema":{"@context":"https:\/\/schema.org","@graph":[{"@type":"WebPage","@id":"https:\/\/ecobloom.es\/producto\/lote-surtido\/","url":"https:\/\/ecobloom.es\/producto\/lote-surtido\/","name":"Lote Surtido para tu Hogar | Ecobloom |","isPartOf":{"@id":"https:\/\/ecobloom.es\/#website"},"primaryImageOfPage":{"@id":"https:\/\/ecobloom.es\/producto\/lote-surtido\/#primaryimage"},"image":{"@id":"https:\/\/ecobloom.es\/producto\/lote-surtido\/#primaryimage"},"thumbnailUrl":"https:\/\/ecobloom.es\/wp-content\/uploads\/2025\/02\/LOTE-surtido-ecobloom-6.jpg","datePublished":"2025-02-13T11:21:35+00:00","dateModified":"2025-05-09T10:34:33+00:00","description":"Pack de productos ecol\u00f3gicos para la limpieza del hogar. Eficacia y sostenibilidad en cada aplicaci\u00f3n, lo mejor para tu casa, Ecobloom.","breadcrumb":{"@id":"https:\/\/ecobloom.es\/producto\/lote-surtido\/#breadcrumb"},"inLanguage":"es","potentialAction":[{"@type":"ReadAction","target":["https:\/\/ecobloom.es\/producto\/lote-surtido\/"]}]},{"@type":"ImageObject","inLanguage":"es","@id":"https:\/\/ecobloom.es\/producto\/lote-surtido\/#primaryimage","url":"https:\/\/ecobloom.es\/wp-content\/uploads\/2025\/02\/LOTE-surtido-ecobloom-6.jpg","contentUrl":"https:\/\/ecobloom.es\/wp-content\/uploads\/2025\/02\/LOTE-surtido-ecobloom-6.jpg","width":1200,"height":1200},{"@type":"BreadcrumbList","@id":"https:\/\/ecobloom.es\/producto\/lote-surtido\/#breadcrumb","itemListElement":[{"@type":"ListItem","position":1,"name":"Portada","item":"https:\/\/ecobloom.es\/"},{"@type":"ListItem","position":2,"name":"Productos","item":"https:\/\/ecobloom.es\/?post_type=product"},{"@type":"ListItem","position":3,"name":"Lote surtido"}]},{"@type":"WebSite","@id":"https:\/\/ecobloom.es\/#website","url":"https:\/\/ecobloom.es\/","name":"EcoBloom","description":"Con nuestras soluciones de limpieza, mant\u00e9n tu hogar limpio y seguro mientras cuidas el medioambiente.","publisher":{"@id":"https:\/\/ecobloom.es\/#organization"},"alternateName":"Ecobloom","potentialAction":[{"@type":"SearchAction","target":{"@type":"EntryPoint","urlTemplate":"https:\/\/ecobloom.es\/?s={search_term_string}"},"query-input":{"@type":"PropertyValueSpecification","valueRequired":true,"valueName":"search_term_string"}}],"inLanguage":"es"},{"@type":"Organization","@id":"https:\/\/ecobloom.es\/#organization","name":"Ecobloom","alternateName":"Ecobloom","url":"https:\/\/ecobloom.es\/","logo":{"@type":"ImageObject","inLanguage":"es","@id":"https:\/\/ecobloom.es\/#\/schema\/logo\/image\/","url":"https:\/\/ecobloom.es\/wp-content\/uploads\/2024\/08\/cropped-LOGO-ECOBLOOM-favicom.jpg","contentUrl":"https:\/\/ecobloom.es\/wp-content\/uploads\/2024\/08\/cropped-LOGO-ECOBLOOM-favicom.jpg","width":512,"height":512,"caption":"Ecobloom"},"image":{"@id":"https:\/\/ecobloom.es\/#\/schema\/logo\/image\/"}}]}},"_links":{"self":[{"href":"https:\/\/ecobloom.es\/index.php?rest_route=\/wp\/v2\/product\/277","targetHints":{"allow":["GET"]}}],"collection":[{"href":"https:\/\/ecobloom.es\/index.php?rest_route=\/wp\/v2\/product"}],"about":[{"href":"https:\/\/ecobloom.es\/index.php?rest_route=\/wp\/v2\/types\/product"}],"replies":[{"embeddable":true,"href":"https:\/\/ecobloom.es\/index.php?rest_route=%2Fwp%2Fv2%2Fcomments&post=277"}],"wp:featuredmedia":[{"embeddable":true,"href":"https:\/\/ecobloom.es\/index.php?rest_route=\/wp\/v2\/media\/278"}],"wp:attachment":[{"href":"https:\/\/ecobloom.es\/index.php?rest_route=%2Fwp%2Fv2%2Fmedia&parent=277"}],"wp:term":[{"taxonomy":"product_brand","embeddable":true,"href":"https:\/\/ecobloom.es\/index.php?rest_route=%2Fwp%2Fv2%2Fproduct_brand&post=277"},{"taxonomy":"product_cat","embeddable":true,"href":"https:\/\/ecobloom.es\/index.php?rest_route=%2Fwp%2Fv2%2Fproduct_cat&post=277"},{"taxonomy":"product_tag","embeddable":true,"href":"https:\/\/ecobloom.es\/index.php?rest_route=%2Fwp%2Fv2%2Fproduct_tag&post=277"}],"curies":[{"name":"wp","href":"https:\/\/api.w.org\/{rel}","templated":true}]}}