{"id":183,"date":"2025-01-31T12:10:42","date_gmt":"2025-01-31T11:10:42","guid":{"rendered":"https:\/\/ecobloom.es\/?post_type=product&#038;p=183"},"modified":"2025-05-09T14:13:01","modified_gmt":"2025-05-09T12:13:01","slug":"lote-suelos-pro","status":"publish","type":"product","link":"https:\/\/ecobloom.es\/?product=lote-suelos-pro","title":{"rendered":"Lote Suelos Pro"},"content":{"rendered":"<p>Nuestro Lote Suelos Pro incluye:<\/p>\n<p>ECOBLOOM CERAFLOOR (Tratamiento de Suelos)<br \/>\nProducto l\u00edquido compuesto por una cuidada selecci\u00f3n de ceras autobrillantes de polietileno, pol\u00edmeros acr\u00edlicos y humectantes espec\u00edficos para la limpieza y acondicionamiento de suelos duros.<\/p>\n<p>ECOBLOOM FLOORMATCH LIMP DE SUELOS (Tratamiento de Suelos)<br \/>\nF\u00f3rmula concentrada para reavivar suelos que han perdido el brillo natural. Para mantenimiento continuado y lograr una superficie con lustre.<\/p>\n<p>ECOBLOOM BRILLPROTEC (Tratamiento de Suelos)<br \/>\nProducto a base de ceras metalizadas altamente concentrado. Confiere brillo y protecci\u00f3n a las superficies.<\/p>\n<p>ECOBLOOM GREEN FLY<br \/>\nLimpiador general a base de citronella. Elimina los olores que atraen a los insectos.<\/p>\n","protected":false},"excerpt":{"rendered":"<p>Nuestro Lote Suelos Pro incluye:<\/p>\n<p>ECOBLOOM CERAFLOOR (Tratamiento de Suelos)<br \/>\nECOBLOOM FLOORMATCH LIMP DE SUELOS (Tratamiento de Suelos)<br \/>\nECOBLOOM BRILLPROTEC (Tratamiento de Suelos)<br \/>\nECOBLOOM GREEN FLY<\/p>\n","protected":false},"featured_media":184,"comment_status":"open","ping_status":"closed","template":"","meta":{"_et_pb_use_builder":"","_et_pb_old_content":"","_et_gb_content_width":"","_themeisle_gutenberg_block_has_review":false},"product_brand":[],"product_cat":[23],"product_tag":[25,27],"class_list":{"0":"post-183","1":"product","2":"type-product","3":"status-publish","4":"has-post-thumbnail","6":"product_cat-lotes","7":"product_tag-hogar","8":"product_tag-pavimentos","10":"first","11":"instock","12":"shipping-taxable","13":"purchasable","14":"product-type-simple"},"yoast_head":"<!-- This site is optimized with the Yoast SEO plugin v27.4 - https:\/\/yoast.com\/product\/yoast-seo-wordpress\/ -->\n<title>Suelos Pro - Mantenimiento Profesional Ecol\u00f3gico | Ecobloom |<\/title>\n<meta name=\"description\" content=\"Pack de productos ecol\u00f3gicos para la limpieza del hogar. Soluciones sostenibles para un ambiente m\u00e1s saludable. Cuida lo tuyo, cuidando el medio ambiente.\" \/>\n<meta name=\"robots\" content=\"index, follow, max-snippet:-1, max-image-preview:large, max-video-preview:-1\" \/>\n<link rel=\"canonical\" href=\"https:\/\/ecobloom.es\/producto\/lote-suelos-pro\/\" \/>\n<meta property=\"og:locale\" content=\"es_ES\" \/>\n<meta property=\"og:type\" content=\"article\" \/>\n<meta property=\"og:title\" content=\"Suelos Pro - Mantenimiento Profesional Ecol\u00f3gico | Ecobloom |\" \/>\n<meta property=\"og:description\" content=\"Pack de productos ecol\u00f3gicos para la limpieza del hogar. Soluciones sostenibles para un ambiente m\u00e1s saludable. Cuida lo tuyo, cuidando el medio ambiente.\" \/>\n<meta property=\"og:url\" content=\"https:\/\/ecobloom.es\/producto\/lote-suelos-pro\/\" \/>\n<meta property=\"og:site_name\" content=\"EcoBloom\" \/>\n<meta property=\"article:modified_time\" content=\"2025-05-09T12:13:01+00:00\" \/>\n<meta property=\"og:image\" content=\"https:\/\/ecobloom.es\/wp-content\/uploads\/2025\/01\/LOTE-SUELOS-PRO-Ecobloom.jpg\" \/>\n\t<meta property=\"og:image:width\" content=\"1200\" \/>\n\t<meta property=\"og:image:height\" content=\"1200\" \/>\n\t<meta property=\"og:image:type\" content=\"image\/jpeg\" \/>\n<meta name=\"twitter:card\" content=\"summary_large_image\" \/>\n<meta name=\"twitter:label1\" content=\"Tiempo de lectura\" \/>\n\t<meta name=\"twitter:data1\" content=\"1 minuto\" \/>\n<script type=\"application\/ld+json\" class=\"yoast-schema-graph\">{\"@context\":\"https:\\\/\\\/schema.org\",\"@graph\":[{\"@type\":\"WebPage\",\"@id\":\"https:\\\/\\\/ecobloom.es\\\/producto\\\/lote-suelos-pro\\\/\",\"url\":\"https:\\\/\\\/ecobloom.es\\\/producto\\\/lote-suelos-pro\\\/\",\"name\":\"Suelos Pro - Mantenimiento Profesional Ecol\u00f3gico | Ecobloom |\",\"isPartOf\":{\"@id\":\"https:\\\/\\\/ecobloom.es\\\/#website\"},\"primaryImageOfPage\":{\"@id\":\"https:\\\/\\\/ecobloom.es\\\/producto\\\/lote-suelos-pro\\\/#primaryimage\"},\"image\":{\"@id\":\"https:\\\/\\\/ecobloom.es\\\/producto\\\/lote-suelos-pro\\\/#primaryimage\"},\"thumbnailUrl\":\"https:\\\/\\\/ecobloom.es\\\/wp-content\\\/uploads\\\/2025\\\/01\\\/LOTE-SUELOS-PRO-Ecobloom.jpg\",\"datePublished\":\"2025-01-31T11:10:42+00:00\",\"dateModified\":\"2025-05-09T12:13:01+00:00\",\"description\":\"Pack de productos ecol\u00f3gicos para la limpieza del hogar. Soluciones sostenibles para un ambiente m\u00e1s saludable. Cuida lo tuyo, cuidando el medio ambiente.\",\"breadcrumb\":{\"@id\":\"https:\\\/\\\/ecobloom.es\\\/producto\\\/lote-suelos-pro\\\/#breadcrumb\"},\"inLanguage\":\"es\",\"potentialAction\":[{\"@type\":\"ReadAction\",\"target\":[\"https:\\\/\\\/ecobloom.es\\\/producto\\\/lote-suelos-pro\\\/\"]}]},{\"@type\":\"ImageObject\",\"inLanguage\":\"es\",\"@id\":\"https:\\\/\\\/ecobloom.es\\\/producto\\\/lote-suelos-pro\\\/#primaryimage\",\"url\":\"https:\\\/\\\/ecobloom.es\\\/wp-content\\\/uploads\\\/2025\\\/01\\\/LOTE-SUELOS-PRO-Ecobloom.jpg\",\"contentUrl\":\"https:\\\/\\\/ecobloom.es\\\/wp-content\\\/uploads\\\/2025\\\/01\\\/LOTE-SUELOS-PRO-Ecobloom.jpg\",\"width\":1200,\"height\":1200},{\"@type\":\"BreadcrumbList\",\"@id\":\"https:\\\/\\\/ecobloom.es\\\/producto\\\/lote-suelos-pro\\\/#breadcrumb\",\"itemListElement\":[{\"@type\":\"ListItem\",\"position\":1,\"name\":\"Portada\",\"item\":\"https:\\\/\\\/ecobloom.es\\\/\"},{\"@type\":\"ListItem\",\"position\":2,\"name\":\"Productos\",\"item\":\"https:\\\/\\\/ecobloom.es\\\/?post_type=product\"},{\"@type\":\"ListItem\",\"position\":3,\"name\":\"Lote Suelos Pro\"}]},{\"@type\":\"WebSite\",\"@id\":\"https:\\\/\\\/ecobloom.es\\\/#website\",\"url\":\"https:\\\/\\\/ecobloom.es\\\/\",\"name\":\"EcoBloom\",\"description\":\"Con nuestras soluciones de limpieza, mant\u00e9n tu hogar limpio y seguro mientras cuidas el medioambiente.\",\"publisher\":{\"@id\":\"https:\\\/\\\/ecobloom.es\\\/#organization\"},\"alternateName\":\"Ecobloom\",\"potentialAction\":[{\"@type\":\"SearchAction\",\"target\":{\"@type\":\"EntryPoint\",\"urlTemplate\":\"https:\\\/\\\/ecobloom.es\\\/?s={search_term_string}\"},\"query-input\":{\"@type\":\"PropertyValueSpecification\",\"valueRequired\":true,\"valueName\":\"search_term_string\"}}],\"inLanguage\":\"es\"},{\"@type\":\"Organization\",\"@id\":\"https:\\\/\\\/ecobloom.es\\\/#organization\",\"name\":\"Ecobloom\",\"alternateName\":\"Ecobloom\",\"url\":\"https:\\\/\\\/ecobloom.es\\\/\",\"logo\":{\"@type\":\"ImageObject\",\"inLanguage\":\"es\",\"@id\":\"https:\\\/\\\/ecobloom.es\\\/#\\\/schema\\\/logo\\\/image\\\/\",\"url\":\"https:\\\/\\\/ecobloom.es\\\/wp-content\\\/uploads\\\/2024\\\/08\\\/cropped-LOGO-ECOBLOOM-favicom.jpg\",\"contentUrl\":\"https:\\\/\\\/ecobloom.es\\\/wp-content\\\/uploads\\\/2024\\\/08\\\/cropped-LOGO-ECOBLOOM-favicom.jpg\",\"width\":512,\"height\":512,\"caption\":\"Ecobloom\"},\"image\":{\"@id\":\"https:\\\/\\\/ecobloom.es\\\/#\\\/schema\\\/logo\\\/image\\\/\"}}]}<\/script>\n<!-- \/ Yoast SEO plugin. -->","yoast_head_json":{"title":"Suelos Pro - Mantenimiento Profesional Ecol\u00f3gico | Ecobloom |","description":"Pack de productos ecol\u00f3gicos para la limpieza del hogar. Soluciones sostenibles para un ambiente m\u00e1s saludable. Cuida lo tuyo, cuidando el medio ambiente.","robots":{"index":"index","follow":"follow","max-snippet":"max-snippet:-1","max-image-preview":"max-image-preview:large","max-video-preview":"max-video-preview:-1"},"canonical":"https:\/\/ecobloom.es\/producto\/lote-suelos-pro\/","og_locale":"es_ES","og_type":"article","og_title":"Suelos Pro - Mantenimiento Profesional Ecol\u00f3gico | Ecobloom |","og_description":"Pack de productos ecol\u00f3gicos para la limpieza del hogar. Soluciones sostenibles para un ambiente m\u00e1s saludable. Cuida lo tuyo, cuidando el medio ambiente.","og_url":"https:\/\/ecobloom.es\/producto\/lote-suelos-pro\/","og_site_name":"EcoBloom","article_modified_time":"2025-05-09T12:13:01+00:00","og_image":[{"width":1200,"height":1200,"url":"https:\/\/ecobloom.es\/wp-content\/uploads\/2025\/01\/LOTE-SUELOS-PRO-Ecobloom.jpg","type":"image\/jpeg"}],"twitter_card":"summary_large_image","twitter_misc":{"Tiempo de lectura":"1 minuto"},"schema":{"@context":"https:\/\/schema.org","@graph":[{"@type":"WebPage","@id":"https:\/\/ecobloom.es\/producto\/lote-suelos-pro\/","url":"https:\/\/ecobloom.es\/producto\/lote-suelos-pro\/","name":"Suelos Pro - Mantenimiento Profesional Ecol\u00f3gico | Ecobloom |","isPartOf":{"@id":"https:\/\/ecobloom.es\/#website"},"primaryImageOfPage":{"@id":"https:\/\/ecobloom.es\/producto\/lote-suelos-pro\/#primaryimage"},"image":{"@id":"https:\/\/ecobloom.es\/producto\/lote-suelos-pro\/#primaryimage"},"thumbnailUrl":"https:\/\/ecobloom.es\/wp-content\/uploads\/2025\/01\/LOTE-SUELOS-PRO-Ecobloom.jpg","datePublished":"2025-01-31T11:10:42+00:00","dateModified":"2025-05-09T12:13:01+00:00","description":"Pack de productos ecol\u00f3gicos para la limpieza del hogar. Soluciones sostenibles para un ambiente m\u00e1s saludable. Cuida lo tuyo, cuidando el medio ambiente.","breadcrumb":{"@id":"https:\/\/ecobloom.es\/producto\/lote-suelos-pro\/#breadcrumb"},"inLanguage":"es","potentialAction":[{"@type":"ReadAction","target":["https:\/\/ecobloom.es\/producto\/lote-suelos-pro\/"]}]},{"@type":"ImageObject","inLanguage":"es","@id":"https:\/\/ecobloom.es\/producto\/lote-suelos-pro\/#primaryimage","url":"https:\/\/ecobloom.es\/wp-content\/uploads\/2025\/01\/LOTE-SUELOS-PRO-Ecobloom.jpg","contentUrl":"https:\/\/ecobloom.es\/wp-content\/uploads\/2025\/01\/LOTE-SUELOS-PRO-Ecobloom.jpg","width":1200,"height":1200},{"@type":"BreadcrumbList","@id":"https:\/\/ecobloom.es\/producto\/lote-suelos-pro\/#breadcrumb","itemListElement":[{"@type":"ListItem","position":1,"name":"Portada","item":"https:\/\/ecobloom.es\/"},{"@type":"ListItem","position":2,"name":"Productos","item":"https:\/\/ecobloom.es\/?post_type=product"},{"@type":"ListItem","position":3,"name":"Lote Suelos Pro"}]},{"@type":"WebSite","@id":"https:\/\/ecobloom.es\/#website","url":"https:\/\/ecobloom.es\/","name":"EcoBloom","description":"Con nuestras soluciones de limpieza, mant\u00e9n tu hogar limpio y seguro mientras cuidas el medioambiente.","publisher":{"@id":"https:\/\/ecobloom.es\/#organization"},"alternateName":"Ecobloom","potentialAction":[{"@type":"SearchAction","target":{"@type":"EntryPoint","urlTemplate":"https:\/\/ecobloom.es\/?s={search_term_string}"},"query-input":{"@type":"PropertyValueSpecification","valueRequired":true,"valueName":"search_term_string"}}],"inLanguage":"es"},{"@type":"Organization","@id":"https:\/\/ecobloom.es\/#organization","name":"Ecobloom","alternateName":"Ecobloom","url":"https:\/\/ecobloom.es\/","logo":{"@type":"ImageObject","inLanguage":"es","@id":"https:\/\/ecobloom.es\/#\/schema\/logo\/image\/","url":"https:\/\/ecobloom.es\/wp-content\/uploads\/2024\/08\/cropped-LOGO-ECOBLOOM-favicom.jpg","contentUrl":"https:\/\/ecobloom.es\/wp-content\/uploads\/2024\/08\/cropped-LOGO-ECOBLOOM-favicom.jpg","width":512,"height":512,"caption":"Ecobloom"},"image":{"@id":"https:\/\/ecobloom.es\/#\/schema\/logo\/image\/"}}]}},"_links":{"self":[{"href":"https:\/\/ecobloom.es\/index.php?rest_route=\/wp\/v2\/product\/183","targetHints":{"allow":["GET"]}}],"collection":[{"href":"https:\/\/ecobloom.es\/index.php?rest_route=\/wp\/v2\/product"}],"about":[{"href":"https:\/\/ecobloom.es\/index.php?rest_route=\/wp\/v2\/types\/product"}],"replies":[{"embeddable":true,"href":"https:\/\/ecobloom.es\/index.php?rest_route=%2Fwp%2Fv2%2Fcomments&post=183"}],"wp:featuredmedia":[{"embeddable":true,"href":"https:\/\/ecobloom.es\/index.php?rest_route=\/wp\/v2\/media\/184"}],"wp:attachment":[{"href":"https:\/\/ecobloom.es\/index.php?rest_route=%2Fwp%2Fv2%2Fmedia&parent=183"}],"wp:term":[{"taxonomy":"product_brand","embeddable":true,"href":"https:\/\/ecobloom.es\/index.php?rest_route=%2Fwp%2Fv2%2Fproduct_brand&post=183"},{"taxonomy":"product_cat","embeddable":true,"href":"https:\/\/ecobloom.es\/index.php?rest_route=%2Fwp%2Fv2%2Fproduct_cat&post=183"},{"taxonomy":"product_tag","embeddable":true,"href":"https:\/\/ecobloom.es\/index.php?rest_route=%2Fwp%2Fv2%2Fproduct_tag&post=183"}],"curies":[{"name":"wp","href":"https:\/\/api.w.org\/{rel}","templated":true}]}}