{"id":170,"date":"2025-01-31T11:55:34","date_gmt":"2025-01-31T10:55:34","guid":{"rendered":"https:\/\/ecobloom.es\/?post_type=product&#038;p=170"},"modified":"2025-05-09T13:52:43","modified_gmt":"2025-05-09T11:52:43","slug":"lote-hogar-pro","status":"publish","type":"product","link":"https:\/\/ecobloom.es\/?product=lote-hogar-pro","title":{"rendered":"Lote Hogar Pro"},"content":{"rendered":"<p>Nuestro Lote Hogar Pro incluye:<\/p>\n<p>ECOBLOOM MANUAL SUP VAJILLAS<br \/>\nDetergente l\u00edquido concentrado, para el lavado a mano de vajillas y cristaler\u00eda. Con un agradable perfume y alto rendimiento, produciendo una abundante espuma que moviliza la grasa y la suciedad de todas las superficies. Producto sanitizante y neutro.<\/p>\n<p>ECOBLOOM LIMPIADOR FLASH ACCI\u00d3N<br \/>\nBioalcohol concentrado de tres efectos, m\u00e1s brillo m\u00e1s perfume. m\u00e1s limpieza. Para todo tipo de superficies con grandes resultados permanentes. TRIPLE ACCI\u00d3N.<\/p>\n<p>ECOBLOOM DESENGRASANTE GALC-7 \u201cSUP-GRASS\u201d<br \/>\nProducto desengrasante alcalino general. Desengrasante en\u00e9rgico especialmente indicado para la limpieza de suelos y superficies muy sucias en hosteler\u00eda, automoci\u00f3n, talleres, sector de artes gr\u00e1ficas, etc. Eficaz en la limpieza de campanas extractoras, planchas, m\u00e1quinas, cubos de basura. Elimina manchas de aceite y grasas en suelos de talleres.<\/p>\n<p>ECOBLOOM LIMPIADOR WC FORTE<br \/>\nroductos para la limpieza de suciedades tenaces debidas a incrustaciones sobre inodoros y sanitarios. Limpia, desodoriza y desincrusta la suciedad de forma sencilla.<\/p>\n","protected":false},"excerpt":{"rendered":"<p>Nuestro Lote Hogar Pro incluye:<\/p>\n<p>ECOBLOOM MANUAL SUP VAJILLAS<br \/>\nECOBLOOM LIMPIADOR FLASH ACCI\u00d3N<br \/>\nECOBLOOM DESENGRASANTE GALC-7 \u201cSUP-GRASS\u201d<br \/>\nECOBLOOM LIMPIADOR WC FORTE<\/p>\n","protected":false},"featured_media":171,"comment_status":"open","ping_status":"closed","template":"","meta":{"_et_pb_use_builder":"","_et_pb_old_content":"","_et_gb_content_width":"","_themeisle_gutenberg_block_has_review":false},"product_brand":[],"product_cat":[23],"product_tag":[26,25],"class_list":{"0":"post-170","1":"product","2":"type-product","3":"status-publish","4":"has-post-thumbnail","6":"product_cat-lotes","7":"product_tag-concentrados","8":"product_tag-hogar","10":"first","11":"instock","12":"shipping-taxable","13":"purchasable","14":"product-type-simple"},"yoast_head":"<!-- This site is optimized with the Yoast SEO plugin v27.4 - https:\/\/yoast.com\/product\/yoast-seo-wordpress\/ -->\n<title>Hogar Pro - Pack de Limpieza Ecol\u00f3gica Profesional | Ecobloom |<\/title>\n<meta name=\"description\" content=\"Pack de productos ecol\u00f3gicos para la limpieza del hogar. Eficacia y sostenibilidad en cada aplicaci\u00f3n. Todo lo que necesitas para tu hogar.\" \/>\n<meta name=\"robots\" content=\"index, follow, max-snippet:-1, max-image-preview:large, max-video-preview:-1\" \/>\n<link rel=\"canonical\" href=\"https:\/\/ecobloom.es\/producto\/lote-hogar-pro\/\" \/>\n<meta property=\"og:locale\" content=\"es_ES\" \/>\n<meta property=\"og:type\" content=\"article\" \/>\n<meta property=\"og:title\" content=\"Hogar Pro - Pack de Limpieza Ecol\u00f3gica Profesional | Ecobloom |\" \/>\n<meta property=\"og:description\" content=\"Pack de productos ecol\u00f3gicos para la limpieza del hogar. Eficacia y sostenibilidad en cada aplicaci\u00f3n. Todo lo que necesitas para tu hogar.\" \/>\n<meta property=\"og:url\" content=\"https:\/\/ecobloom.es\/producto\/lote-hogar-pro\/\" \/>\n<meta property=\"og:site_name\" content=\"EcoBloom\" \/>\n<meta property=\"article:modified_time\" content=\"2025-05-09T11:52:43+00:00\" \/>\n<meta property=\"og:image\" content=\"https:\/\/ecobloom.es\/wp-content\/uploads\/2025\/01\/LOTE-HOGAR-PRO-Ecobloom.jpg\" \/>\n\t<meta property=\"og:image:width\" content=\"1200\" \/>\n\t<meta property=\"og:image:height\" content=\"1200\" \/>\n\t<meta property=\"og:image:type\" content=\"image\/jpeg\" \/>\n<meta name=\"twitter:card\" content=\"summary_large_image\" \/>\n<meta name=\"twitter:label1\" content=\"Tiempo de lectura\" \/>\n\t<meta name=\"twitter:data1\" content=\"1 minuto\" \/>\n<script type=\"application\/ld+json\" class=\"yoast-schema-graph\">{\"@context\":\"https:\\\/\\\/schema.org\",\"@graph\":[{\"@type\":\"WebPage\",\"@id\":\"https:\\\/\\\/ecobloom.es\\\/producto\\\/lote-hogar-pro\\\/\",\"url\":\"https:\\\/\\\/ecobloom.es\\\/producto\\\/lote-hogar-pro\\\/\",\"name\":\"Hogar Pro - Pack de Limpieza Ecol\u00f3gica Profesional | Ecobloom |\",\"isPartOf\":{\"@id\":\"https:\\\/\\\/ecobloom.es\\\/#website\"},\"primaryImageOfPage\":{\"@id\":\"https:\\\/\\\/ecobloom.es\\\/producto\\\/lote-hogar-pro\\\/#primaryimage\"},\"image\":{\"@id\":\"https:\\\/\\\/ecobloom.es\\\/producto\\\/lote-hogar-pro\\\/#primaryimage\"},\"thumbnailUrl\":\"https:\\\/\\\/ecobloom.es\\\/wp-content\\\/uploads\\\/2025\\\/01\\\/LOTE-HOGAR-PRO-Ecobloom.jpg\",\"datePublished\":\"2025-01-31T10:55:34+00:00\",\"dateModified\":\"2025-05-09T11:52:43+00:00\",\"description\":\"Pack de productos ecol\u00f3gicos para la limpieza del hogar. Eficacia y sostenibilidad en cada aplicaci\u00f3n. Todo lo que necesitas para tu hogar.\",\"breadcrumb\":{\"@id\":\"https:\\\/\\\/ecobloom.es\\\/producto\\\/lote-hogar-pro\\\/#breadcrumb\"},\"inLanguage\":\"es\",\"potentialAction\":[{\"@type\":\"ReadAction\",\"target\":[\"https:\\\/\\\/ecobloom.es\\\/producto\\\/lote-hogar-pro\\\/\"]}]},{\"@type\":\"ImageObject\",\"inLanguage\":\"es\",\"@id\":\"https:\\\/\\\/ecobloom.es\\\/producto\\\/lote-hogar-pro\\\/#primaryimage\",\"url\":\"https:\\\/\\\/ecobloom.es\\\/wp-content\\\/uploads\\\/2025\\\/01\\\/LOTE-HOGAR-PRO-Ecobloom.jpg\",\"contentUrl\":\"https:\\\/\\\/ecobloom.es\\\/wp-content\\\/uploads\\\/2025\\\/01\\\/LOTE-HOGAR-PRO-Ecobloom.jpg\",\"width\":1200,\"height\":1200},{\"@type\":\"BreadcrumbList\",\"@id\":\"https:\\\/\\\/ecobloom.es\\\/producto\\\/lote-hogar-pro\\\/#breadcrumb\",\"itemListElement\":[{\"@type\":\"ListItem\",\"position\":1,\"name\":\"Portada\",\"item\":\"https:\\\/\\\/ecobloom.es\\\/\"},{\"@type\":\"ListItem\",\"position\":2,\"name\":\"Productos\",\"item\":\"https:\\\/\\\/ecobloom.es\\\/?post_type=product\"},{\"@type\":\"ListItem\",\"position\":3,\"name\":\"Lote Hogar Pro\"}]},{\"@type\":\"WebSite\",\"@id\":\"https:\\\/\\\/ecobloom.es\\\/#website\",\"url\":\"https:\\\/\\\/ecobloom.es\\\/\",\"name\":\"EcoBloom\",\"description\":\"Con nuestras soluciones de limpieza, mant\u00e9n tu hogar limpio y seguro mientras cuidas el medioambiente.\",\"publisher\":{\"@id\":\"https:\\\/\\\/ecobloom.es\\\/#organization\"},\"alternateName\":\"Ecobloom\",\"potentialAction\":[{\"@type\":\"SearchAction\",\"target\":{\"@type\":\"EntryPoint\",\"urlTemplate\":\"https:\\\/\\\/ecobloom.es\\\/?s={search_term_string}\"},\"query-input\":{\"@type\":\"PropertyValueSpecification\",\"valueRequired\":true,\"valueName\":\"search_term_string\"}}],\"inLanguage\":\"es\"},{\"@type\":\"Organization\",\"@id\":\"https:\\\/\\\/ecobloom.es\\\/#organization\",\"name\":\"Ecobloom\",\"alternateName\":\"Ecobloom\",\"url\":\"https:\\\/\\\/ecobloom.es\\\/\",\"logo\":{\"@type\":\"ImageObject\",\"inLanguage\":\"es\",\"@id\":\"https:\\\/\\\/ecobloom.es\\\/#\\\/schema\\\/logo\\\/image\\\/\",\"url\":\"https:\\\/\\\/ecobloom.es\\\/wp-content\\\/uploads\\\/2024\\\/08\\\/cropped-LOGO-ECOBLOOM-favicom.jpg\",\"contentUrl\":\"https:\\\/\\\/ecobloom.es\\\/wp-content\\\/uploads\\\/2024\\\/08\\\/cropped-LOGO-ECOBLOOM-favicom.jpg\",\"width\":512,\"height\":512,\"caption\":\"Ecobloom\"},\"image\":{\"@id\":\"https:\\\/\\\/ecobloom.es\\\/#\\\/schema\\\/logo\\\/image\\\/\"}}]}<\/script>\n<!-- \/ Yoast SEO plugin. -->","yoast_head_json":{"title":"Hogar Pro - Pack de Limpieza Ecol\u00f3gica Profesional | Ecobloom |","description":"Pack de productos ecol\u00f3gicos para la limpieza del hogar. Eficacia y sostenibilidad en cada aplicaci\u00f3n. Todo lo que necesitas para tu hogar.","robots":{"index":"index","follow":"follow","max-snippet":"max-snippet:-1","max-image-preview":"max-image-preview:large","max-video-preview":"max-video-preview:-1"},"canonical":"https:\/\/ecobloom.es\/producto\/lote-hogar-pro\/","og_locale":"es_ES","og_type":"article","og_title":"Hogar Pro - Pack de Limpieza Ecol\u00f3gica Profesional | Ecobloom |","og_description":"Pack de productos ecol\u00f3gicos para la limpieza del hogar. Eficacia y sostenibilidad en cada aplicaci\u00f3n. Todo lo que necesitas para tu hogar.","og_url":"https:\/\/ecobloom.es\/producto\/lote-hogar-pro\/","og_site_name":"EcoBloom","article_modified_time":"2025-05-09T11:52:43+00:00","og_image":[{"width":1200,"height":1200,"url":"https:\/\/ecobloom.es\/wp-content\/uploads\/2025\/01\/LOTE-HOGAR-PRO-Ecobloom.jpg","type":"image\/jpeg"}],"twitter_card":"summary_large_image","twitter_misc":{"Tiempo de lectura":"1 minuto"},"schema":{"@context":"https:\/\/schema.org","@graph":[{"@type":"WebPage","@id":"https:\/\/ecobloom.es\/producto\/lote-hogar-pro\/","url":"https:\/\/ecobloom.es\/producto\/lote-hogar-pro\/","name":"Hogar Pro - Pack de Limpieza Ecol\u00f3gica Profesional | Ecobloom |","isPartOf":{"@id":"https:\/\/ecobloom.es\/#website"},"primaryImageOfPage":{"@id":"https:\/\/ecobloom.es\/producto\/lote-hogar-pro\/#primaryimage"},"image":{"@id":"https:\/\/ecobloom.es\/producto\/lote-hogar-pro\/#primaryimage"},"thumbnailUrl":"https:\/\/ecobloom.es\/wp-content\/uploads\/2025\/01\/LOTE-HOGAR-PRO-Ecobloom.jpg","datePublished":"2025-01-31T10:55:34+00:00","dateModified":"2025-05-09T11:52:43+00:00","description":"Pack de productos ecol\u00f3gicos para la limpieza del hogar. Eficacia y sostenibilidad en cada aplicaci\u00f3n. Todo lo que necesitas para tu hogar.","breadcrumb":{"@id":"https:\/\/ecobloom.es\/producto\/lote-hogar-pro\/#breadcrumb"},"inLanguage":"es","potentialAction":[{"@type":"ReadAction","target":["https:\/\/ecobloom.es\/producto\/lote-hogar-pro\/"]}]},{"@type":"ImageObject","inLanguage":"es","@id":"https:\/\/ecobloom.es\/producto\/lote-hogar-pro\/#primaryimage","url":"https:\/\/ecobloom.es\/wp-content\/uploads\/2025\/01\/LOTE-HOGAR-PRO-Ecobloom.jpg","contentUrl":"https:\/\/ecobloom.es\/wp-content\/uploads\/2025\/01\/LOTE-HOGAR-PRO-Ecobloom.jpg","width":1200,"height":1200},{"@type":"BreadcrumbList","@id":"https:\/\/ecobloom.es\/producto\/lote-hogar-pro\/#breadcrumb","itemListElement":[{"@type":"ListItem","position":1,"name":"Portada","item":"https:\/\/ecobloom.es\/"},{"@type":"ListItem","position":2,"name":"Productos","item":"https:\/\/ecobloom.es\/?post_type=product"},{"@type":"ListItem","position":3,"name":"Lote Hogar Pro"}]},{"@type":"WebSite","@id":"https:\/\/ecobloom.es\/#website","url":"https:\/\/ecobloom.es\/","name":"EcoBloom","description":"Con nuestras soluciones de limpieza, mant\u00e9n tu hogar limpio y seguro mientras cuidas el medioambiente.","publisher":{"@id":"https:\/\/ecobloom.es\/#organization"},"alternateName":"Ecobloom","potentialAction":[{"@type":"SearchAction","target":{"@type":"EntryPoint","urlTemplate":"https:\/\/ecobloom.es\/?s={search_term_string}"},"query-input":{"@type":"PropertyValueSpecification","valueRequired":true,"valueName":"search_term_string"}}],"inLanguage":"es"},{"@type":"Organization","@id":"https:\/\/ecobloom.es\/#organization","name":"Ecobloom","alternateName":"Ecobloom","url":"https:\/\/ecobloom.es\/","logo":{"@type":"ImageObject","inLanguage":"es","@id":"https:\/\/ecobloom.es\/#\/schema\/logo\/image\/","url":"https:\/\/ecobloom.es\/wp-content\/uploads\/2024\/08\/cropped-LOGO-ECOBLOOM-favicom.jpg","contentUrl":"https:\/\/ecobloom.es\/wp-content\/uploads\/2024\/08\/cropped-LOGO-ECOBLOOM-favicom.jpg","width":512,"height":512,"caption":"Ecobloom"},"image":{"@id":"https:\/\/ecobloom.es\/#\/schema\/logo\/image\/"}}]}},"_links":{"self":[{"href":"https:\/\/ecobloom.es\/index.php?rest_route=\/wp\/v2\/product\/170","targetHints":{"allow":["GET"]}}],"collection":[{"href":"https:\/\/ecobloom.es\/index.php?rest_route=\/wp\/v2\/product"}],"about":[{"href":"https:\/\/ecobloom.es\/index.php?rest_route=\/wp\/v2\/types\/product"}],"replies":[{"embeddable":true,"href":"https:\/\/ecobloom.es\/index.php?rest_route=%2Fwp%2Fv2%2Fcomments&post=170"}],"wp:featuredmedia":[{"embeddable":true,"href":"https:\/\/ecobloom.es\/index.php?rest_route=\/wp\/v2\/media\/171"}],"wp:attachment":[{"href":"https:\/\/ecobloom.es\/index.php?rest_route=%2Fwp%2Fv2%2Fmedia&parent=170"}],"wp:term":[{"taxonomy":"product_brand","embeddable":true,"href":"https:\/\/ecobloom.es\/index.php?rest_route=%2Fwp%2Fv2%2Fproduct_brand&post=170"},{"taxonomy":"product_cat","embeddable":true,"href":"https:\/\/ecobloom.es\/index.php?rest_route=%2Fwp%2Fv2%2Fproduct_cat&post=170"},{"taxonomy":"product_tag","embeddable":true,"href":"https:\/\/ecobloom.es\/index.php?rest_route=%2Fwp%2Fv2%2Fproduct_tag&post=170"}],"curies":[{"name":"wp","href":"https:\/\/api.w.org\/{rel}","templated":true}]}}