{"id":138,"date":"2024-12-18T14:27:50","date_gmt":"2024-12-18T14:27:50","guid":{"rendered":"https:\/\/ecobloom.es\/?post_type=product&#038;p=138"},"modified":"2025-06-10T10:06:30","modified_gmt":"2025-06-10T08:06:30","slug":"limpiador-flash-accion","status":"publish","type":"product","link":"https:\/\/ecobloom.es\/?product=limpiador-flash-accion","title":{"rendered":"LIMPIADOR FLASH ACCI\u00d3N"},"content":{"rendered":"","protected":false},"excerpt":{"rendered":"<p>ECOBLOOM Bioalcohol concentrado de tres efectos, m\u00e1s brillo m\u00e1s perfume. m\u00e1s limpieza. Para todo tipo de<br \/>\nsuperficies con grandes resultados permanentes. TRIPLE ACCION<\/p>\n","protected":false},"featured_media":139,"comment_status":"open","ping_status":"closed","template":"","meta":{"_et_pb_use_builder":"on","_et_pb_old_content":"","_et_gb_content_width":"","_themeisle_gutenberg_block_has_review":false},"product_brand":[],"product_cat":[32],"product_tag":[],"class_list":{"0":"post-138","1":"product","2":"type-product","3":"status-publish","4":"has-post-thumbnail","6":"product_cat-ambientacion","8":"first","9":"instock","10":"shipping-taxable","11":"purchasable","12":"product-type-simple"},"yoast_head":"<!-- This site is optimized with the Yoast SEO plugin v27.4 - https:\/\/yoast.com\/product\/yoast-seo-wordpress\/ -->\n<title>Limpiador Flash Acci\u00f3n - Potencia Inmediata | Ecobloom |<\/title>\n<meta name=\"description\" content=\"Limpieza r\u00e1pida y eficaz con nuestro limpiador ecol\u00f3gico Flash Acci\u00f3n. Potente contra la suciedad, seguro para el medio ambiente.\" \/>\n<meta name=\"robots\" content=\"index, follow, max-snippet:-1, max-image-preview:large, max-video-preview:-1\" \/>\n<link rel=\"canonical\" href=\"https:\/\/ecobloom.es\/producto\/limpiador-flash-accion\/\" \/>\n<meta property=\"og:locale\" content=\"es_ES\" \/>\n<meta property=\"og:type\" content=\"article\" \/>\n<meta property=\"og:title\" content=\"Limpiador Flash Acci\u00f3n - Potencia Inmediata | Ecobloom |\" \/>\n<meta property=\"og:description\" content=\"Limpieza r\u00e1pida y eficaz con nuestro limpiador ecol\u00f3gico Flash Acci\u00f3n. Potente contra la suciedad, seguro para el medio ambiente.\" \/>\n<meta property=\"og:url\" content=\"https:\/\/ecobloom.es\/producto\/limpiador-flash-accion\/\" \/>\n<meta property=\"og:site_name\" content=\"EcoBloom\" \/>\n<meta property=\"article:modified_time\" content=\"2025-06-10T08:06:30+00:00\" \/>\n<meta property=\"og:image\" content=\"https:\/\/ecobloom.es\/wp-content\/uploads\/2024\/12\/Screenshot_3.jpg\" \/>\n\t<meta property=\"og:image:width\" content=\"750\" \/>\n\t<meta property=\"og:image:height\" content=\"769\" \/>\n\t<meta property=\"og:image:type\" content=\"image\/jpeg\" \/>\n<meta name=\"twitter:card\" content=\"summary_large_image\" \/>\n<meta name=\"twitter:label1\" content=\"Tiempo de lectura\" \/>\n\t<meta name=\"twitter:data1\" content=\"1 minuto\" \/>\n<script type=\"application\/ld+json\" class=\"yoast-schema-graph\">{\"@context\":\"https:\\\/\\\/schema.org\",\"@graph\":[{\"@type\":\"WebPage\",\"@id\":\"https:\\\/\\\/ecobloom.es\\\/producto\\\/limpiador-flash-accion\\\/\",\"url\":\"https:\\\/\\\/ecobloom.es\\\/producto\\\/limpiador-flash-accion\\\/\",\"name\":\"Limpiador Flash Acci\u00f3n - Potencia Inmediata | Ecobloom |\",\"isPartOf\":{\"@id\":\"https:\\\/\\\/ecobloom.es\\\/#website\"},\"primaryImageOfPage\":{\"@id\":\"https:\\\/\\\/ecobloom.es\\\/producto\\\/limpiador-flash-accion\\\/#primaryimage\"},\"image\":{\"@id\":\"https:\\\/\\\/ecobloom.es\\\/producto\\\/limpiador-flash-accion\\\/#primaryimage\"},\"thumbnailUrl\":\"https:\\\/\\\/ecobloom.es\\\/wp-content\\\/uploads\\\/2024\\\/12\\\/Screenshot_3.jpg\",\"datePublished\":\"2024-12-18T14:27:50+00:00\",\"dateModified\":\"2025-06-10T08:06:30+00:00\",\"description\":\"Limpieza r\u00e1pida y eficaz con nuestro limpiador ecol\u00f3gico Flash Acci\u00f3n. Potente contra la suciedad, seguro para el medio ambiente.\",\"breadcrumb\":{\"@id\":\"https:\\\/\\\/ecobloom.es\\\/producto\\\/limpiador-flash-accion\\\/#breadcrumb\"},\"inLanguage\":\"es\",\"potentialAction\":[{\"@type\":\"ReadAction\",\"target\":[\"https:\\\/\\\/ecobloom.es\\\/producto\\\/limpiador-flash-accion\\\/\"]}]},{\"@type\":\"ImageObject\",\"inLanguage\":\"es\",\"@id\":\"https:\\\/\\\/ecobloom.es\\\/producto\\\/limpiador-flash-accion\\\/#primaryimage\",\"url\":\"https:\\\/\\\/ecobloom.es\\\/wp-content\\\/uploads\\\/2024\\\/12\\\/Screenshot_3.jpg\",\"contentUrl\":\"https:\\\/\\\/ecobloom.es\\\/wp-content\\\/uploads\\\/2024\\\/12\\\/Screenshot_3.jpg\",\"width\":750,\"height\":769},{\"@type\":\"BreadcrumbList\",\"@id\":\"https:\\\/\\\/ecobloom.es\\\/producto\\\/limpiador-flash-accion\\\/#breadcrumb\",\"itemListElement\":[{\"@type\":\"ListItem\",\"position\":1,\"name\":\"Portada\",\"item\":\"https:\\\/\\\/ecobloom.es\\\/\"},{\"@type\":\"ListItem\",\"position\":2,\"name\":\"Productos\",\"item\":\"https:\\\/\\\/ecobloom.es\\\/?post_type=product\"},{\"@type\":\"ListItem\",\"position\":3,\"name\":\"LIMPIADOR FLASH ACCI\u00d3N\"}]},{\"@type\":\"WebSite\",\"@id\":\"https:\\\/\\\/ecobloom.es\\\/#website\",\"url\":\"https:\\\/\\\/ecobloom.es\\\/\",\"name\":\"EcoBloom\",\"description\":\"Con nuestras soluciones de limpieza, mant\u00e9n tu hogar limpio y seguro mientras cuidas el medioambiente.\",\"publisher\":{\"@id\":\"https:\\\/\\\/ecobloom.es\\\/#organization\"},\"alternateName\":\"Ecobloom\",\"potentialAction\":[{\"@type\":\"SearchAction\",\"target\":{\"@type\":\"EntryPoint\",\"urlTemplate\":\"https:\\\/\\\/ecobloom.es\\\/?s={search_term_string}\"},\"query-input\":{\"@type\":\"PropertyValueSpecification\",\"valueRequired\":true,\"valueName\":\"search_term_string\"}}],\"inLanguage\":\"es\"},{\"@type\":\"Organization\",\"@id\":\"https:\\\/\\\/ecobloom.es\\\/#organization\",\"name\":\"Ecobloom\",\"alternateName\":\"Ecobloom\",\"url\":\"https:\\\/\\\/ecobloom.es\\\/\",\"logo\":{\"@type\":\"ImageObject\",\"inLanguage\":\"es\",\"@id\":\"https:\\\/\\\/ecobloom.es\\\/#\\\/schema\\\/logo\\\/image\\\/\",\"url\":\"https:\\\/\\\/ecobloom.es\\\/wp-content\\\/uploads\\\/2024\\\/08\\\/cropped-LOGO-ECOBLOOM-favicom.jpg\",\"contentUrl\":\"https:\\\/\\\/ecobloom.es\\\/wp-content\\\/uploads\\\/2024\\\/08\\\/cropped-LOGO-ECOBLOOM-favicom.jpg\",\"width\":512,\"height\":512,\"caption\":\"Ecobloom\"},\"image\":{\"@id\":\"https:\\\/\\\/ecobloom.es\\\/#\\\/schema\\\/logo\\\/image\\\/\"}}]}<\/script>\n<!-- \/ Yoast SEO plugin. -->","yoast_head_json":{"title":"Limpiador Flash Acci\u00f3n - Potencia Inmediata | Ecobloom |","description":"Limpieza r\u00e1pida y eficaz con nuestro limpiador ecol\u00f3gico Flash Acci\u00f3n. Potente contra la suciedad, seguro para el medio ambiente.","robots":{"index":"index","follow":"follow","max-snippet":"max-snippet:-1","max-image-preview":"max-image-preview:large","max-video-preview":"max-video-preview:-1"},"canonical":"https:\/\/ecobloom.es\/producto\/limpiador-flash-accion\/","og_locale":"es_ES","og_type":"article","og_title":"Limpiador Flash Acci\u00f3n - Potencia Inmediata | Ecobloom |","og_description":"Limpieza r\u00e1pida y eficaz con nuestro limpiador ecol\u00f3gico Flash Acci\u00f3n. Potente contra la suciedad, seguro para el medio ambiente.","og_url":"https:\/\/ecobloom.es\/producto\/limpiador-flash-accion\/","og_site_name":"EcoBloom","article_modified_time":"2025-06-10T08:06:30+00:00","og_image":[{"width":750,"height":769,"url":"https:\/\/ecobloom.es\/wp-content\/uploads\/2024\/12\/Screenshot_3.jpg","type":"image\/jpeg"}],"twitter_card":"summary_large_image","twitter_misc":{"Tiempo de lectura":"1 minuto"},"schema":{"@context":"https:\/\/schema.org","@graph":[{"@type":"WebPage","@id":"https:\/\/ecobloom.es\/producto\/limpiador-flash-accion\/","url":"https:\/\/ecobloom.es\/producto\/limpiador-flash-accion\/","name":"Limpiador Flash Acci\u00f3n - Potencia Inmediata | Ecobloom |","isPartOf":{"@id":"https:\/\/ecobloom.es\/#website"},"primaryImageOfPage":{"@id":"https:\/\/ecobloom.es\/producto\/limpiador-flash-accion\/#primaryimage"},"image":{"@id":"https:\/\/ecobloom.es\/producto\/limpiador-flash-accion\/#primaryimage"},"thumbnailUrl":"https:\/\/ecobloom.es\/wp-content\/uploads\/2024\/12\/Screenshot_3.jpg","datePublished":"2024-12-18T14:27:50+00:00","dateModified":"2025-06-10T08:06:30+00:00","description":"Limpieza r\u00e1pida y eficaz con nuestro limpiador ecol\u00f3gico Flash Acci\u00f3n. Potente contra la suciedad, seguro para el medio ambiente.","breadcrumb":{"@id":"https:\/\/ecobloom.es\/producto\/limpiador-flash-accion\/#breadcrumb"},"inLanguage":"es","potentialAction":[{"@type":"ReadAction","target":["https:\/\/ecobloom.es\/producto\/limpiador-flash-accion\/"]}]},{"@type":"ImageObject","inLanguage":"es","@id":"https:\/\/ecobloom.es\/producto\/limpiador-flash-accion\/#primaryimage","url":"https:\/\/ecobloom.es\/wp-content\/uploads\/2024\/12\/Screenshot_3.jpg","contentUrl":"https:\/\/ecobloom.es\/wp-content\/uploads\/2024\/12\/Screenshot_3.jpg","width":750,"height":769},{"@type":"BreadcrumbList","@id":"https:\/\/ecobloom.es\/producto\/limpiador-flash-accion\/#breadcrumb","itemListElement":[{"@type":"ListItem","position":1,"name":"Portada","item":"https:\/\/ecobloom.es\/"},{"@type":"ListItem","position":2,"name":"Productos","item":"https:\/\/ecobloom.es\/?post_type=product"},{"@type":"ListItem","position":3,"name":"LIMPIADOR FLASH ACCI\u00d3N"}]},{"@type":"WebSite","@id":"https:\/\/ecobloom.es\/#website","url":"https:\/\/ecobloom.es\/","name":"EcoBloom","description":"Con nuestras soluciones de limpieza, mant\u00e9n tu hogar limpio y seguro mientras cuidas el medioambiente.","publisher":{"@id":"https:\/\/ecobloom.es\/#organization"},"alternateName":"Ecobloom","potentialAction":[{"@type":"SearchAction","target":{"@type":"EntryPoint","urlTemplate":"https:\/\/ecobloom.es\/?s={search_term_string}"},"query-input":{"@type":"PropertyValueSpecification","valueRequired":true,"valueName":"search_term_string"}}],"inLanguage":"es"},{"@type":"Organization","@id":"https:\/\/ecobloom.es\/#organization","name":"Ecobloom","alternateName":"Ecobloom","url":"https:\/\/ecobloom.es\/","logo":{"@type":"ImageObject","inLanguage":"es","@id":"https:\/\/ecobloom.es\/#\/schema\/logo\/image\/","url":"https:\/\/ecobloom.es\/wp-content\/uploads\/2024\/08\/cropped-LOGO-ECOBLOOM-favicom.jpg","contentUrl":"https:\/\/ecobloom.es\/wp-content\/uploads\/2024\/08\/cropped-LOGO-ECOBLOOM-favicom.jpg","width":512,"height":512,"caption":"Ecobloom"},"image":{"@id":"https:\/\/ecobloom.es\/#\/schema\/logo\/image\/"}}]}},"_links":{"self":[{"href":"https:\/\/ecobloom.es\/index.php?rest_route=\/wp\/v2\/product\/138","targetHints":{"allow":["GET"]}}],"collection":[{"href":"https:\/\/ecobloom.es\/index.php?rest_route=\/wp\/v2\/product"}],"about":[{"href":"https:\/\/ecobloom.es\/index.php?rest_route=\/wp\/v2\/types\/product"}],"replies":[{"embeddable":true,"href":"https:\/\/ecobloom.es\/index.php?rest_route=%2Fwp%2Fv2%2Fcomments&post=138"}],"wp:featuredmedia":[{"embeddable":true,"href":"https:\/\/ecobloom.es\/index.php?rest_route=\/wp\/v2\/media\/139"}],"wp:attachment":[{"href":"https:\/\/ecobloom.es\/index.php?rest_route=%2Fwp%2Fv2%2Fmedia&parent=138"}],"wp:term":[{"taxonomy":"product_brand","embeddable":true,"href":"https:\/\/ecobloom.es\/index.php?rest_route=%2Fwp%2Fv2%2Fproduct_brand&post=138"},{"taxonomy":"product_cat","embeddable":true,"href":"https:\/\/ecobloom.es\/index.php?rest_route=%2Fwp%2Fv2%2Fproduct_cat&post=138"},{"taxonomy":"product_tag","embeddable":true,"href":"https:\/\/ecobloom.es\/index.php?rest_route=%2Fwp%2Fv2%2Fproduct_tag&post=138"}],"curies":[{"name":"wp","href":"https:\/\/api.w.org\/{rel}","templated":true}]}}