{"id":936,"date":"2025-05-22T10:23:36","date_gmt":"2025-05-22T08:23:36","guid":{"rendered":"https:\/\/ecobloom.es\/?page_id=936"},"modified":"2025-05-22T11:34:58","modified_gmt":"2025-05-22T09:34:58","slug":"profesionales","status":"publish","type":"page","link":"https:\/\/ecobloom.es\/?page_id=936","title":{"rendered":"Cat\u00e1logo profesional"},"content":{"rendered":"<p>[et_pb_section fb_built=\u00bb1&#8243; admin_label=\u00bbHeader\u00bb _builder_version=\u00bb4.21.0&#8243; _module_preset=\u00bbdefault\u00bb locked=\u00bboff\u00bb collapsed=\u00bbon\u00bb global_colors_info=\u00bb{}\u00bb][et_pb_row _builder_version=\u00bb4.27.4&#8243; _module_preset=\u00bbdefault\u00bb width=\u00bb65%\u00bb max_width=\u00bb65%\u00bb global_colors_info=\u00bb{}\u00bb][et_pb_column type=\u00bb4_4&#8243; _builder_version=\u00bb4.21.0&#8243; _module_preset=\u00bbdefault\u00bb global_colors_info=\u00bb{}\u00bb][et_pb_image title_text=\u00bbhome-decor-55&#8243; _builder_version=\u00bb4.27.4&#8243; _module_preset=\u00bbdefault\u00bb transform_translate=\u00bb0px|-10%\u00bb transform_translate_linked=\u00bboff\u00bb positioning=\u00bbabsolute\u00bb position_origin_a=\u00bbtop_right\u00bb width=\u00bb30%\u00bb global_colors_info=\u00bb{}\u00bb][\/et_pb_image][et_pb_text _builder_version=\u00bb4.27.4&#8243; _module_preset=\u00bb9712a8c8-f0b8-4f28-a670-2036adf4aac4&#8243; global_colors_info=\u00bb{}\u00bb]<\/p>\n<h1>Cont\u00e1ctanos<\/h1>\n<p>[\/et_pb_text][\/et_pb_column][\/et_pb_row][\/et_pb_section][et_pb_section fb_built=\u00bb1&#8243; admin_label=\u00bbContact Info &#038; Form\u00bb _builder_version=\u00bb4.21.0&#8243; _module_preset=\u00bbdefault\u00bb custom_padding=\u00bb0px||||false|false\u00bb collapsed=\u00bbon\u00bb global_colors_info=\u00bb{}\u00bb][et_pb_row column_structure=\u00bb1_2,1_2&#8243; _builder_version=\u00bb4.27.4&#8243; _module_preset=\u00bbdefault\u00bb width=\u00bb65%\u00bb max_width=\u00bb65%\u00bb custom_margin=\u00bb||20px||false|false\u00bb global_colors_info=\u00bb{}\u00bb][et_pb_column type=\u00bb1_2&#8243; _builder_version=\u00bb4.21.0&#8243; _module_preset=\u00bbdefault\u00bb global_colors_info=\u00bb{}\u00bb][et_pb_text _builder_version=\u00bb4.27.4&#8243; _module_preset=\u00bbdefault\u00bb text_font=\u00bbQuattrocento||||||||\u00bb text_font_size=\u00bb20px\u00bb header_2_font=\u00bbMerriweather|700|||||||\u00bb header_2_text_align=\u00bbjustify\u00bb header_2_font_size=\u00bb35px\u00bb global_colors_info=\u00bb{}\u00bb]<\/p>\n<h2>Descubre la l\u00ednea profesional Ecobloom<\/h2>\n<p>&nbsp;<\/p>\n<p style=\"text-align: justify;\"><span style=\"color: #000000;\">\u00bfBuscas productos de limpieza concentrados, efectivos y respetuosos con el medioambiente?<\/span><\/p>\n<p style=\"text-align: justify;\"><span style=\"color: #000000;\">D\u00e9janos tu email y recibe <strong>GRATIS<\/strong> nuestro cat\u00e1logo en PDF con soluciones innovadoras para limpieza y automoci\u00f3n, pensadas para profesionales comprometidos con la sostenibilidad.<\/span><\/p>\n<p>[\/et_pb_text][\/et_pb_column][et_pb_column type=\u00bb1_2&#8243; _builder_version=\u00bb4.21.0&#8243; _module_preset=\u00bbdefault\u00bb global_colors_info=\u00bb{}\u00bb][et_pb_contact_form use_spam_service=\u00bbon\u00bb recaptcha_list=\u00bbDefault|Default-0&#8243; email=\u00bbinfo@ecobloom.es\u00bb use_redirect=\u00bbon\u00bb module_class=\u00bbinline-form\u00bb _builder_version=\u00bb4.27.4&#8243; _module_preset=\u00bb4b84d7ee-9bb8-4766-a3ec-50a724f42df8&#8243; form_field_font=\u00bbMerriweather||||||||\u00bb button_text_size=\u00bb15px\u00bb button_text_color=\u00bb#FFFFFF\u00bb button_bg_color=\u00bb#00b6ff\u00bb button_border_radius=\u00bb5px\u00bb button_font=\u00bbMerriweather|700|||||||\u00bb button_use_icon=\u00bboff\u00bb width=\u00bb100%\u00bb custom_margin=\u00bb90px||||false|false\u00bb hover_enabled=\u00bb0&#8243; border_width_all=\u00bb1px\u00bb border_color_all=\u00bb#3F3F3F\u00bb locked=\u00bboff\u00bb global_colors_info=\u00bb{%22gcid-369d6a5c-948a-46a7-83c8-2ed935036bdf%22:%91%22button_text_color%22,%22button_text_color%22%93,%22gcid-7548ccd0-3a86-4c27-a211-9ba11bfdbe0a%22:%91%22form_field_text_color%22%93,%22gcid-aa8ab6bb-6aae-4545-8323-e9f7c570e8d7%22:%91%22border_color_all_fields%22%93,%22gcid-4e1a4293-6847-4a8b-8670-1037625c3a21%22:%91%22form_field_text_color%22%93}\u00bb link_option_url=\u00bbhttps:\/\/ecobloom.es\/wp-content\/uploads\/2025\/03\/catalogo-profesional.pdf\u00bb link_option_url_new_window=\u00bbon\u00bb success_message=\u00bbMuchas gracias por confiar en ecobloom, haz click y descargue nuestro cat\u00e1logo.\u00bb sticky_enabled=\u00bb0&#8243; custom_css_main_element=\u00bb||    color: #00b6ff!important;||  font-size: 20px;||  text-align: center;||\u00bb][et_pb_contact_field field_id=\u00bbEmail\u00bb field_title=\u00bbCorreo electr\u00f3nico\u00bb field_type=\u00bbemail\u00bb fullwidth_field=\u00bbon\u00bb _builder_version=\u00bb4.27.4&#8243; _module_preset=\u00bbdefault\u00bb global_colors_info=\u00bb{}\u00bb button_text_size__hover_enabled=\u00bboff\u00bb button_one_text_size__hover_enabled=\u00bboff\u00bb button_two_text_size__hover_enabled=\u00bboff\u00bb button_text_color__hover_enabled=\u00bboff\u00bb button_one_text_color__hover_enabled=\u00bboff\u00bb button_two_text_color__hover_enabled=\u00bboff\u00bb button_border_width__hover_enabled=\u00bboff\u00bb button_one_border_width__hover_enabled=\u00bboff\u00bb button_two_border_width__hover_enabled=\u00bboff\u00bb button_border_color__hover_enabled=\u00bboff\u00bb button_one_border_color__hover_enabled=\u00bboff\u00bb button_two_border_color__hover_enabled=\u00bboff\u00bb button_border_radius__hover_enabled=\u00bboff\u00bb button_one_border_radius__hover_enabled=\u00bboff\u00bb button_two_border_radius__hover_enabled=\u00bboff\u00bb button_letter_spacing__hover_enabled=\u00bboff\u00bb button_one_letter_spacing__hover_enabled=\u00bboff\u00bb button_two_letter_spacing__hover_enabled=\u00bboff\u00bb button_bg_color__hover_enabled=\u00bboff\u00bb button_one_bg_color__hover_enabled=\u00bboff\u00bb button_two_bg_color__hover_enabled=\u00bboff\u00bb][\/et_pb_contact_field][\/et_pb_contact_form][\/et_pb_column][\/et_pb_row][\/et_pb_section]<\/p>\n","protected":false},"excerpt":{"rendered":"<p>Cont\u00e1ctanosDescubre la l\u00ednea profesional Ecobloom &nbsp; \u00bfBuscas productos de limpieza concentrados, efectivos y respetuosos con el medioambiente? D\u00e9janos tu email y recibe GRATIS nuestro cat\u00e1logo en PDF con soluciones innovadoras para limpieza y automoci\u00f3n, pensadas para profesionales comprometidos con la sostenibilidad.<\/p>\n","protected":false},"author":1,"featured_media":0,"parent":0,"menu_order":0,"comment_status":"closed","ping_status":"closed","template":"","meta":{"_et_pb_use_builder":"on","_et_pb_old_content":"<!-- wp:divi\/placeholder \/-->","_et_gb_content_width":"","_themeisle_gutenberg_block_has_review":false,"footnotes":""},"class_list":["post-936","page","type-page","status-publish","hentry"],"yoast_head":"<!-- This site is optimized with the Yoast SEO plugin v27.4 - https:\/\/yoast.com\/product\/yoast-seo-wordpress\/ -->\n<title>Cat\u00e1logo profesional - EcoBloom<\/title>\n<meta name=\"robots\" content=\"index, follow, max-snippet:-1, max-image-preview:large, max-video-preview:-1\" \/>\n<link rel=\"canonical\" href=\"https:\/\/ecobloom.es\/?page_id=936\" \/>\n<meta property=\"og:locale\" content=\"es_ES\" \/>\n<meta property=\"og:type\" content=\"article\" \/>\n<meta property=\"og:title\" content=\"Cat\u00e1logo profesional - EcoBloom\" \/>\n<meta property=\"og:description\" content=\"Cont\u00e1ctanosDescubre la l\u00ednea profesional Ecobloom &nbsp; \u00bfBuscas productos de limpieza concentrados, efectivos y respetuosos con el medioambiente? D\u00e9janos tu email y recibe GRATIS nuestro cat\u00e1logo en PDF con soluciones innovadoras para limpieza y automoci\u00f3n, pensadas para profesionales comprometidos con la sostenibilidad.\" \/>\n<meta property=\"og:url\" content=\"https:\/\/ecobloom.es\/?page_id=936\" \/>\n<meta property=\"og:site_name\" content=\"EcoBloom\" \/>\n<meta property=\"article:modified_time\" content=\"2025-05-22T09:34:58+00:00\" \/>\n<meta property=\"og:image\" content=\"https:\/\/ecobloom.es\/wp-content\/uploads\/2024\/08\/LOGO-ECOBLOOM-.png\" \/>\n\t<meta property=\"og:image:width\" content=\"1000\" \/>\n\t<meta property=\"og:image:height\" content=\"471\" \/>\n\t<meta property=\"og:image:type\" content=\"image\/png\" \/>\n<meta name=\"twitter:card\" content=\"summary_large_image\" \/>\n<meta name=\"twitter:label1\" content=\"Tiempo de lectura\" \/>\n\t<meta name=\"twitter:data1\" content=\"1 minuto\" \/>\n<script type=\"application\/ld+json\" class=\"yoast-schema-graph\">{\"@context\":\"https:\\\/\\\/schema.org\",\"@graph\":[{\"@type\":\"WebPage\",\"@id\":\"https:\\\/\\\/ecobloom.es\\\/?page_id=936\",\"url\":\"https:\\\/\\\/ecobloom.es\\\/?page_id=936\",\"name\":\"Cat\u00e1logo profesional - EcoBloom\",\"isPartOf\":{\"@id\":\"https:\\\/\\\/ecobloom.es\\\/#website\"},\"datePublished\":\"2025-05-22T08:23:36+00:00\",\"dateModified\":\"2025-05-22T09:34:58+00:00\",\"breadcrumb\":{\"@id\":\"https:\\\/\\\/ecobloom.es\\\/?page_id=936#breadcrumb\"},\"inLanguage\":\"es\",\"potentialAction\":[{\"@type\":\"ReadAction\",\"target\":[\"https:\\\/\\\/ecobloom.es\\\/?page_id=936\"]}]},{\"@type\":\"BreadcrumbList\",\"@id\":\"https:\\\/\\\/ecobloom.es\\\/?page_id=936#breadcrumb\",\"itemListElement\":[{\"@type\":\"ListItem\",\"position\":1,\"name\":\"Portada\",\"item\":\"https:\\\/\\\/ecobloom.es\\\/\"},{\"@type\":\"ListItem\",\"position\":2,\"name\":\"Cat\u00e1logo profesional\"}]},{\"@type\":\"WebSite\",\"@id\":\"https:\\\/\\\/ecobloom.es\\\/#website\",\"url\":\"https:\\\/\\\/ecobloom.es\\\/\",\"name\":\"EcoBloom\",\"description\":\"Con nuestras soluciones de limpieza, mant\u00e9n tu hogar limpio y seguro mientras cuidas el medioambiente.\",\"publisher\":{\"@id\":\"https:\\\/\\\/ecobloom.es\\\/#organization\"},\"alternateName\":\"Ecobloom\",\"potentialAction\":[{\"@type\":\"SearchAction\",\"target\":{\"@type\":\"EntryPoint\",\"urlTemplate\":\"https:\\\/\\\/ecobloom.es\\\/?s={search_term_string}\"},\"query-input\":{\"@type\":\"PropertyValueSpecification\",\"valueRequired\":true,\"valueName\":\"search_term_string\"}}],\"inLanguage\":\"es\"},{\"@type\":\"Organization\",\"@id\":\"https:\\\/\\\/ecobloom.es\\\/#organization\",\"name\":\"Ecobloom\",\"alternateName\":\"Ecobloom\",\"url\":\"https:\\\/\\\/ecobloom.es\\\/\",\"logo\":{\"@type\":\"ImageObject\",\"inLanguage\":\"es\",\"@id\":\"https:\\\/\\\/ecobloom.es\\\/#\\\/schema\\\/logo\\\/image\\\/\",\"url\":\"https:\\\/\\\/ecobloom.es\\\/wp-content\\\/uploads\\\/2024\\\/08\\\/cropped-LOGO-ECOBLOOM-favicom.jpg\",\"contentUrl\":\"https:\\\/\\\/ecobloom.es\\\/wp-content\\\/uploads\\\/2024\\\/08\\\/cropped-LOGO-ECOBLOOM-favicom.jpg\",\"width\":512,\"height\":512,\"caption\":\"Ecobloom\"},\"image\":{\"@id\":\"https:\\\/\\\/ecobloom.es\\\/#\\\/schema\\\/logo\\\/image\\\/\"}}]}<\/script>\n<!-- \/ Yoast SEO plugin. -->","yoast_head_json":{"title":"Cat\u00e1logo profesional - EcoBloom","robots":{"index":"index","follow":"follow","max-snippet":"max-snippet:-1","max-image-preview":"max-image-preview:large","max-video-preview":"max-video-preview:-1"},"canonical":"https:\/\/ecobloom.es\/?page_id=936","og_locale":"es_ES","og_type":"article","og_title":"Cat\u00e1logo profesional - EcoBloom","og_description":"Cont\u00e1ctanosDescubre la l\u00ednea profesional Ecobloom &nbsp; \u00bfBuscas productos de limpieza concentrados, efectivos y respetuosos con el medioambiente? D\u00e9janos tu email y recibe GRATIS nuestro cat\u00e1logo en PDF con soluciones innovadoras para limpieza y automoci\u00f3n, pensadas para profesionales comprometidos con la sostenibilidad.","og_url":"https:\/\/ecobloom.es\/?page_id=936","og_site_name":"EcoBloom","article_modified_time":"2025-05-22T09:34:58+00:00","og_image":[{"width":1000,"height":471,"url":"https:\/\/ecobloom.es\/wp-content\/uploads\/2024\/08\/LOGO-ECOBLOOM-.png","type":"image\/png"}],"twitter_card":"summary_large_image","twitter_misc":{"Tiempo de lectura":"1 minuto"},"schema":{"@context":"https:\/\/schema.org","@graph":[{"@type":"WebPage","@id":"https:\/\/ecobloom.es\/?page_id=936","url":"https:\/\/ecobloom.es\/?page_id=936","name":"Cat\u00e1logo profesional - EcoBloom","isPartOf":{"@id":"https:\/\/ecobloom.es\/#website"},"datePublished":"2025-05-22T08:23:36+00:00","dateModified":"2025-05-22T09:34:58+00:00","breadcrumb":{"@id":"https:\/\/ecobloom.es\/?page_id=936#breadcrumb"},"inLanguage":"es","potentialAction":[{"@type":"ReadAction","target":["https:\/\/ecobloom.es\/?page_id=936"]}]},{"@type":"BreadcrumbList","@id":"https:\/\/ecobloom.es\/?page_id=936#breadcrumb","itemListElement":[{"@type":"ListItem","position":1,"name":"Portada","item":"https:\/\/ecobloom.es\/"},{"@type":"ListItem","position":2,"name":"Cat\u00e1logo profesional"}]},{"@type":"WebSite","@id":"https:\/\/ecobloom.es\/#website","url":"https:\/\/ecobloom.es\/","name":"EcoBloom","description":"Con nuestras soluciones de limpieza, mant\u00e9n tu hogar limpio y seguro mientras cuidas el medioambiente.","publisher":{"@id":"https:\/\/ecobloom.es\/#organization"},"alternateName":"Ecobloom","potentialAction":[{"@type":"SearchAction","target":{"@type":"EntryPoint","urlTemplate":"https:\/\/ecobloom.es\/?s={search_term_string}"},"query-input":{"@type":"PropertyValueSpecification","valueRequired":true,"valueName":"search_term_string"}}],"inLanguage":"es"},{"@type":"Organization","@id":"https:\/\/ecobloom.es\/#organization","name":"Ecobloom","alternateName":"Ecobloom","url":"https:\/\/ecobloom.es\/","logo":{"@type":"ImageObject","inLanguage":"es","@id":"https:\/\/ecobloom.es\/#\/schema\/logo\/image\/","url":"https:\/\/ecobloom.es\/wp-content\/uploads\/2024\/08\/cropped-LOGO-ECOBLOOM-favicom.jpg","contentUrl":"https:\/\/ecobloom.es\/wp-content\/uploads\/2024\/08\/cropped-LOGO-ECOBLOOM-favicom.jpg","width":512,"height":512,"caption":"Ecobloom"},"image":{"@id":"https:\/\/ecobloom.es\/#\/schema\/logo\/image\/"}}]}},"_links":{"self":[{"href":"https:\/\/ecobloom.es\/index.php?rest_route=\/wp\/v2\/pages\/936","targetHints":{"allow":["GET"]}}],"collection":[{"href":"https:\/\/ecobloom.es\/index.php?rest_route=\/wp\/v2\/pages"}],"about":[{"href":"https:\/\/ecobloom.es\/index.php?rest_route=\/wp\/v2\/types\/page"}],"author":[{"embeddable":true,"href":"https:\/\/ecobloom.es\/index.php?rest_route=\/wp\/v2\/users\/1"}],"replies":[{"embeddable":true,"href":"https:\/\/ecobloom.es\/index.php?rest_route=%2Fwp%2Fv2%2Fcomments&post=936"}],"version-history":[{"count":23,"href":"https:\/\/ecobloom.es\/index.php?rest_route=\/wp\/v2\/pages\/936\/revisions"}],"predecessor-version":[{"id":969,"href":"https:\/\/ecobloom.es\/index.php?rest_route=\/wp\/v2\/pages\/936\/revisions\/969"}],"wp:attachment":[{"href":"https:\/\/ecobloom.es\/index.php?rest_route=%2Fwp%2Fv2%2Fmedia&parent=936"}],"curies":[{"name":"wp","href":"https:\/\/api.w.org\/{rel}","templated":true}]}}